{"id":144,"date":"2018-05-24T09:54:22","date_gmt":"2018-05-24T09:54:22","guid":{"rendered":"http:\/\/trucosapalabrados.com\/blog\/?page_id=144"},"modified":"2018-05-27T09:55:11","modified_gmt":"2018-05-27T09:55:11","slug":"politica-de-cookies","status":"publish","type":"page","link":"https:\/\/www.trucosapalabrados.com\/blog\/politica-de-cookies\/","title":{"rendered":"Pol\u00edtica de cookies"},"content":{"rendered":"<p>Utilizamos cookies para personalizar contenido y anuncios, para proporcionar caracter\u00edsticas de redes sociales y para analizar nuestro tr\u00e1fico. Tambi\u00e9n compartimos informaci\u00f3n acerca de su uso de nuestro sitio con nuestros socios de redes sociales, publicidad y an\u00e1lisis que pueden combinarlo con otra informaci\u00f3n que usted les haya proporcionado o que hayan recopilado de su uso de sus servicios.<\/p>\n<h2>Definici\u00f3n y funci\u00f3n de las cookies<\/h2>\n<p>\u00bfQu\u00e9 son las cookies? Una cookie es un fichero que se descarga en su ordenador al acceder a determinadas p\u00e1ginas web. Las cookies\u00a0permiten a una p\u00e1gina web, entre otras cosas, almacenar y recuperar informaci\u00f3n sobre los h\u00e1bitos de navegaci\u00f3n de un usuario o de su\u00a0equipo y, dependiendo de la informaci\u00f3n que contengan y de la forma en que utilice su equipo, pueden utilizarse para reconocer al usuario.<\/p>\n<h2>\u00bfQu\u00e9 tipos de cookies utiliza esta p\u00e1gina web?<\/h2>\n<ul>\n<li>Cookies propias: Son aqu\u00e9llas que se env\u00edan al equipo terminal del usuario desde un equipo o dominio gestionado por el propio editor y desde el que se presta el servicio solicitado por el usuario.<\/li>\n<li>Cookies de tercero: Son aqu\u00e9llas que se env\u00edan al equipo terminal del usuario desde un equipo o dominio que no es gestionado por el editor, sino por otra entidad que trata los datos obtenidos trav\u00e9s de las cookies.<\/li>\n<li>Cookies de sesi\u00f3n: Son un tipo de cookies dise\u00f1adas para recabar y almacenar datos mientras el usuario accede a una p\u00e1gina web.<\/li>\n<li>Cookies persistentes: Son un tipo de cookies en el que los datos siguen almacenados en el terminal y pueden ser accedidos y tratados\u00a0durante un periodo definido por el responsable de la cookie, y que puede ir de unos minutos a varios a\u00f1os.<\/li>\n<li>Cookies de an\u00e1lisis: Son aqu\u00e9llas que bien tratadas por nosotros o por terceros, nos permiten cuantificar el n\u00famero de usuarios y as\u00ed\u00a0realizar la medici\u00f3n y an\u00e1lisis estad\u00edstico de la utilizaci\u00f3n que hacen los usuarios del servicio ofertado.<\/li>\n<\/ul>\n<p>Para ello se analiza su navegaci\u00f3n en nuestra p\u00e1gina web con el fin de mejorar la oferta de productos o servicios que le ofrecemos.<\/p>\n<ul>\n<li>Cookies publicitarias: Son aqu\u00e9llas que permiten la gesti\u00f3n, de la forma m\u00e1s eficaz posible, de los espacios publicitarios que, en su caso,\u00a0el editor haya incluido en una p\u00e1gina web, aplicaci\u00f3n o plataforma desde la que presta el servicio olicitado en base a criterios como el\u00a0contenido editado o la frecuencia en la que se muestran los anuncios.<\/li>\n<li>Cookies de publicidad comportamental: Son aqu\u00e9llas que permiten la gesti\u00f3n, de la forma m\u00e1s eficaz posible, de los espacios publicitarios que, en su caso, el editor haya incluido en una p\u00e1gina web, aplicaci\u00f3n o plataforma desde la que presta el servicio solicitado. Estas cookies almacenan informaci\u00f3n del comportamiento de los usuarios obtenida a trav\u00e9s de la observaci\u00f3n continuada de sus h\u00e1bitos de navegaci\u00f3n, lo que permite desarrollar un perfil espec\u00edfico para mostrar publicidad en funci\u00f3n del mismo.<\/li>\n<\/ul>\n<p>Asimismo es posible que al visitar alguna pagina web o al abrir alg\u00fan email donde se publique alg\u00fan anuncio o alguna promoci\u00f3n sobre nuestros productos o servicios se instale en tu navegador alguna cookie que nos sirve para mostrarte posteriormente publicidad relacionada con la b\u00fasqueda que hayas realizado, desarrollar un control de nuestros anuncios en relaci\u00f3n, por ejemplo, con el numero de veces que son vistos, donde aparecen, a que hora se ven, etc.<\/p>\n<h2>Cookies utilizadas en la web<\/h2>\n<ul>\n<li>cookieconsent_status y viewed_cookie_policy: Utilizadas para almacenar si el visitante ha aceptado la pol\u00edtica de cookies.<\/li>\n<li>PHPSESSID: Cookie t\u00e9cnica para almacenar las preferencias de usuario del aspecto de la web, si prefiere la versi\u00f3n escritorio o m\u00f3vil.<\/li>\n<li>_ga, _gid: Cookies de Google Analytics, recopila informaci\u00f3n an\u00f3nima sobre la navegaci\u00f3n de los usuarios por el sitio web con el fin de generar datos estad\u00edsticos. Los datos se guardan durante 14 meses. <a href=\"https:\/\/www.google.com\/analytics\/learn\/privacy.html?hl=es\" target=\"_blank\" rel=\"noopener\">M\u00e1s informaci\u00f3n<\/a>.<\/li>\n<li><a href=\"https:\/\/www.doubleclickbygoogle.com\/\" target=\"_blank\" rel=\"noopener\">Adsense y Doubleclick\u00a0 (Google, Inc.)<\/a>:\u00a0Cookies de Doubleclick for Publishers, Google Adexchange y Google Adsense. Mejorar y gestionar la exposici\u00f3n de anuncios publicitarios al usuario evitando que aparezcan anuncios que ya ha visto o que no son de su inter\u00e9s. <a href=\"https:\/\/support.google.com\/dfp_premium\/answer\/7670381?hl=es\" target=\"_blank\" rel=\"noopener\">M\u00e1s informaci\u00f3n.<\/a><\/li>\n<\/ul>\n<h2>Revocaci\u00f3n y eliminaci\u00f3n de cookies<\/h2>\n<p>Usted puede permitir, bloquear o eliminar las cookies instaladas en su equipo mediante la configuraci\u00f3n de las opciones del navegador\u00a0instalado en su ordenador, en caso que no permita la instalaci\u00f3n de cookies en su navegador es posible que no pueda acceder a alguna de\u00a0las secciones de nuestra web.<\/p>\n<p>Por ejemplo puedes encontrar informaci\u00f3n sobre como hacerlo como hacerlo en el caso que uses como navegador:<\/p>\n<ul>\n<li><strong>Firefox<\/strong> desde <a href=\"Definici\u00f3n y funci\u00f3n de las cookies \u00bfQu\u00e9 son las cookies? Una cookie es un fichero que se descarga en su ordenador al acceder a determinadas p\u00e1ginas web. Las cookies permiten a una p\u00e1gina web, entre otras cosas, almacenar y recuperar informaci\u00f3n sobre los h\u00e1bitos de navegaci\u00f3n de un usuario o de su equipo y, dependiendo de la informaci\u00f3n que contengan y de la forma en que utilice su equipo, pueden utilizarse para reconocer al usuario. \u00bfQu\u00e9 tipos de cookies utiliza esta p\u00e1gina web? \u2022 Cookies propias: Son aqu\u00e9llas que se env\u00edan al equipo terminal del usuario desde un equipo o dominio gestionado por el propio editor y desde el que se presta el servicio solicitado por el usuario. \u2022 Cookies de tercero: Son aqu\u00e9llas que se env\u00edan al equipo terminal del usuario desde un equipo o dominio que no es gestionado por el editor, sino por otra entidad que trata los datos obtenidos trav\u00e9s de las cookies. \u2022 Cookies de sesi\u00f3n: Son un tipo de cookies dise\u00f1adas para recabar y almacenar datos mientras el usuario accede a una p\u00e1gina web. \u2022 Cookies persistentes: Son un tipo de cookies en el que los datos siguen almacenados en el terminal y pueden ser accedidos y tratados durante un periodo definido por el responsable de la cookie, y que puede ir de unos minutos a varios a\u00f1os. \u2022 Cookies de an\u00e1lisis: Son aqu\u00e9llas que bien tratadas por nosotros o por terceros, nos permiten cuantificar el n\u00famero de usuarios y as\u00ed realizar la medici\u00f3n y an\u00e1lisis estad\u00edstico de la utilizaci\u00f3n que hacen los usuarios del servicio ofertado. Para ello se analiza su navegaci\u00f3n en nuestra p\u00e1gina web con el fin de mejorar la oferta de productos o servicios que le ofrecemos. \u2022 Cookies publicitarias: Son aqu\u00e9llas que permiten la gesti\u00f3n, de la forma m\u00e1s eficaz posible, de los espacios publicitarios que, en su caso, el editor haya incluido en una p\u00e1gina web, aplicaci\u00f3n o plataforma desde la que presta el servicio olicitado en base a criterios como el contenido editado o la frecuencia en la que se muestran los anuncios. \u2022 Cookies de publicidad comportamental: Son aqu\u00e9llas que permiten la gesti\u00f3n, de la forma m\u00e1s eficaz posible, de los espacios publicitarios que, en su caso, el editor haya incluido en una p\u00e1gina web, aplicaci\u00f3n o plataforma desde la que presta el servicio solicitado. Estas cookies almacenan informaci\u00f3n del comportamiento de los usuarios obtenida a trav\u00e9s de la observaci\u00f3n continuada de sus h\u00e1bitos de navegaci\u00f3n, lo que permite desarrollar un perfil espec\u00edfico para mostrar publicidad en funci\u00f3n del mismo. Asimismo es posible que al visitar alguna pagina web o al abrir alg\u00fan email donde se publique alg\u00fan anuncio o alguna promoci\u00f3n sobre nuestros productos o servicios se instale en tu navegador alguna cookie que nos sirve para mostrarte posteriormente publicidad relacionada con la b\u00fasqueda que hayas realizado, desarrollar un control de nuestros anuncios en relaci\u00f3n, por ejemplo, con el numero de veces que son vistos, donde aparecen, a que hora se ven, etc Revocaci\u00f3n y eliminaci\u00f3n de cookies Usted puede permitir, bloquear o eliminar las cookies instaladas en su equipo mediante la configuraci\u00f3n de las opciones del navegador instalado en su ordenador, en caso que no permita la instalaci\u00f3n de cookies en su navegador es posible que no pueda acceder a alguna de las secciones de nuestra web. Por ejemplo puedes encontrar informaci\u00f3n sobre como hacerlo como hacerlo en el caso que uses como navegador: Firefox desde http:\/\/support.mozilla.org\/es\/products\/firefox\/cookies Chrome desde http:\/\/support.google.com\/chrome\/bin\/answer.py?hl=es&amp;answer=95647 Explorer desde http:\/\/windows.microsoft.com\/es-es\/windows7\/how-to-manage-cookies-in-internet-explorer-9 Safari desde http:\/\/support.apple.com\/kb\/ph5042 Terceros prestadores de servicios En concreto los terceros prestadores de servicios con los que hemos contratado alg\u00fan servicio para el que es necesario la utilizaci\u00f3n de cookies son Si deseas m\u00e1s informaci\u00f3n sobre el uso de cookies puedes solicit\u00e1rnosla a vvv@vv\">http:\/\/support.mozilla.org\/es\/products\/firefox\/cookies<\/a><\/li>\n<li><strong>Chrome<\/strong> desde <a href=\"http:\/\/support.google.com\/chrome\/bin\/answer.py?hl=es&amp;answer=95647\">http:\/\/support.google.com\/chrome\/bin\/answer.py?hl=es&amp;answer=95647<\/a><\/li>\n<li><strong>Explorer<\/strong> desde <a href=\"http:\/\/windows.microsoft.com\/es-es\/windows7\/how-to-manage-cookies-in-internet-explorer-9\">http:\/\/windows.microsoft.com\/es-es\/windows7\/how-to-manage-cookies-in-internet-explorer-9<\/a><\/li>\n<li><strong>Safari<\/strong> desde <a href=\"http:\/\/support.apple.com\/kb\/ph5042\">http:\/\/support.apple.com\/kb\/ph5042<\/a><\/li>\n<\/ul>\n<p>&nbsp;<\/p>\n<h2>Terceros prestadores de servicios<\/h2>\n<p>En concreto los terceros prestadores de servicios con los que hemos contratado alg\u00fan servicio para el que es necesario la utilizaci\u00f3n de\u00a0cookies son:<\/p>\n<ul>\n<li>Google Analytics<\/li>\n<li>Google AdSense<\/li>\n<li>Worpress.com<\/li>\n<li>Facebook<\/li>\n<li>Twitter<\/li>\n<li>Google+<\/li>\n<\/ul>\n<p>Si deseas m\u00e1s informaci\u00f3n sobre el uso de cookies puedes solicit\u00e1rnosla a contacto@trucosapalabrados.com<\/p>\n","protected":false},"excerpt":{"rendered":"<p>Utilizamos cookies para personalizar contenido y anuncios, para proporcionar caracter\u00edsticas de redes sociales y para analizar nuestro tr\u00e1fico. Tambi\u00e9n compartimos informaci\u00f3n acerca de su uso &hellip; <\/p>\n","protected":false},"author":2,"featured_media":0,"parent":0,"menu_order":0,"comment_status":"open","ping_status":"open","template":"","meta":{"jetpack_post_was_ever_published":false,"footnotes":""},"yoast_head":"<!-- This site is optimized with the Yoast SEO plugin v22.4 - https:\/\/yoast.com\/wordpress\/plugins\/seo\/ -->\n<title>Pol\u00edtica de cookies &#187; Apalabrados Blog<\/title>\n<meta name=\"robots\" content=\"noindex, nofollow\" \/>\n<meta property=\"og:locale\" content=\"es_ES\" \/>\n<meta property=\"og:type\" content=\"article\" \/>\n<meta property=\"og:title\" content=\"Pol\u00edtica de cookies &#187; Apalabrados Blog\" \/>\n<meta property=\"og:description\" content=\"Utilizamos cookies para personalizar contenido y anuncios, para proporcionar caracter\u00edsticas de redes sociales y para analizar nuestro tr\u00e1fico. Tambi\u00e9n compartimos informaci\u00f3n acerca de su uso &hellip;\" \/>\n<meta property=\"og:url\" content=\"https:\/\/www.trucosapalabrados.com\/blog\/politica-de-cookies\/\" \/>\n<meta property=\"og:site_name\" content=\"Apalabrados Blog\" \/>\n<meta property=\"article:modified_time\" content=\"2018-05-27T09:55:11+00:00\" \/>\n<meta name=\"twitter:label1\" content=\"Tiempo de lectura\" \/>\n\t<meta name=\"twitter:data1\" content=\"5 minutos\" \/>\n<script type=\"application\/ld+json\" class=\"yoast-schema-graph\">{\"@context\":\"https:\/\/schema.org\",\"@graph\":[{\"@type\":\"WebPage\",\"@id\":\"https:\/\/www.trucosapalabrados.com\/blog\/politica-de-cookies\/\",\"url\":\"https:\/\/www.trucosapalabrados.com\/blog\/politica-de-cookies\/\",\"name\":\"Pol\u00edtica de cookies &#187; Apalabrados Blog\",\"isPartOf\":{\"@id\":\"https:\/\/www.trucosapalabrados.com\/blog\/#website\"},\"datePublished\":\"2018-05-24T09:54:22+00:00\",\"dateModified\":\"2018-05-27T09:55:11+00:00\",\"breadcrumb\":{\"@id\":\"https:\/\/www.trucosapalabrados.com\/blog\/politica-de-cookies\/#breadcrumb\"},\"inLanguage\":\"es\",\"potentialAction\":[{\"@type\":\"ReadAction\",\"target\":[\"https:\/\/www.trucosapalabrados.com\/blog\/politica-de-cookies\/\"]}]},{\"@type\":\"BreadcrumbList\",\"@id\":\"https:\/\/www.trucosapalabrados.com\/blog\/politica-de-cookies\/#breadcrumb\",\"itemListElement\":[{\"@type\":\"ListItem\",\"position\":1,\"name\":\"Inicio\",\"item\":\"https:\/\/www.trucosapalabrados.com\/blog\/\"},{\"@type\":\"ListItem\",\"position\":2,\"name\":\"Pol\u00edtica de cookies\"}]},{\"@type\":\"WebSite\",\"@id\":\"https:\/\/www.trucosapalabrados.com\/blog\/#website\",\"url\":\"https:\/\/www.trucosapalabrados.com\/blog\/\",\"name\":\"Apalabrados Blog\",\"description\":\"Consejos para ganar en Apalabrados\",\"potentialAction\":[{\"@type\":\"SearchAction\",\"target\":{\"@type\":\"EntryPoint\",\"urlTemplate\":\"https:\/\/www.trucosapalabrados.com\/blog\/?s={search_term_string}\"},\"query-input\":\"required name=search_term_string\"}],\"inLanguage\":\"es\"}]}<\/script>\n<!-- \/ Yoast SEO plugin. -->","yoast_head_json":{"title":"Pol\u00edtica de cookies &#187; Apalabrados Blog","robots":{"index":"noindex","follow":"nofollow"},"og_locale":"es_ES","og_type":"article","og_title":"Pol\u00edtica de cookies &#187; Apalabrados Blog","og_description":"Utilizamos cookies para personalizar contenido y anuncios, para proporcionar caracter\u00edsticas de redes sociales y para analizar nuestro tr\u00e1fico. Tambi\u00e9n compartimos informaci\u00f3n acerca de su uso &hellip;","og_url":"https:\/\/www.trucosapalabrados.com\/blog\/politica-de-cookies\/","og_site_name":"Apalabrados Blog","article_modified_time":"2018-05-27T09:55:11+00:00","twitter_misc":{"Tiempo de lectura":"5 minutos"},"schema":{"@context":"https:\/\/schema.org","@graph":[{"@type":"WebPage","@id":"https:\/\/www.trucosapalabrados.com\/blog\/politica-de-cookies\/","url":"https:\/\/www.trucosapalabrados.com\/blog\/politica-de-cookies\/","name":"Pol\u00edtica de cookies &#187; Apalabrados Blog","isPartOf":{"@id":"https:\/\/www.trucosapalabrados.com\/blog\/#website"},"datePublished":"2018-05-24T09:54:22+00:00","dateModified":"2018-05-27T09:55:11+00:00","breadcrumb":{"@id":"https:\/\/www.trucosapalabrados.com\/blog\/politica-de-cookies\/#breadcrumb"},"inLanguage":"es","potentialAction":[{"@type":"ReadAction","target":["https:\/\/www.trucosapalabrados.com\/blog\/politica-de-cookies\/"]}]},{"@type":"BreadcrumbList","@id":"https:\/\/www.trucosapalabrados.com\/blog\/politica-de-cookies\/#breadcrumb","itemListElement":[{"@type":"ListItem","position":1,"name":"Inicio","item":"https:\/\/www.trucosapalabrados.com\/blog\/"},{"@type":"ListItem","position":2,"name":"Pol\u00edtica de cookies"}]},{"@type":"WebSite","@id":"https:\/\/www.trucosapalabrados.com\/blog\/#website","url":"https:\/\/www.trucosapalabrados.com\/blog\/","name":"Apalabrados Blog","description":"Consejos para ganar en Apalabrados","potentialAction":[{"@type":"SearchAction","target":{"@type":"EntryPoint","urlTemplate":"https:\/\/www.trucosapalabrados.com\/blog\/?s={search_term_string}"},"query-input":"required name=search_term_string"}],"inLanguage":"es"}]}},"jetpack_shortlink":"https:\/\/wp.me\/P3e3YK-2k","jetpack_sharing_enabled":false,"jetpack_likes_enabled":true,"_links":{"self":[{"href":"https:\/\/www.trucosapalabrados.com\/blog\/wp-json\/wp\/v2\/pages\/144"}],"collection":[{"href":"https:\/\/www.trucosapalabrados.com\/blog\/wp-json\/wp\/v2\/pages"}],"about":[{"href":"https:\/\/www.trucosapalabrados.com\/blog\/wp-json\/wp\/v2\/types\/page"}],"author":[{"embeddable":true,"href":"https:\/\/www.trucosapalabrados.com\/blog\/wp-json\/wp\/v2\/users\/2"}],"replies":[{"embeddable":true,"href":"https:\/\/www.trucosapalabrados.com\/blog\/wp-json\/wp\/v2\/comments?post=144"}],"version-history":[{"count":7,"href":"https:\/\/www.trucosapalabrados.com\/blog\/wp-json\/wp\/v2\/pages\/144\/revisions"}],"predecessor-version":[{"id":360,"href":"https:\/\/www.trucosapalabrados.com\/blog\/wp-json\/wp\/v2\/pages\/144\/revisions\/360"}],"wp:attachment":[{"href":"https:\/\/www.trucosapalabrados.com\/blog\/wp-json\/wp\/v2\/media?parent=144"}],"curies":[{"name":"wp","href":"https:\/\/api.w.org\/{rel}","templated":true}]}}